{"id":653,"date":"2022-01-31T17:48:54","date_gmt":"2022-01-31T16:48:54","guid":{"rendered":"https:\/\/mikadoglover.com\/?page_id=653"},"modified":"2025-10-18T21:19:03","modified_gmt":"2025-10-18T19:19:03","slug":"dog-sitter-mais-avant-tout-dog-lover","status":"publish","type":"page","link":"https:\/\/mikadoglover.com\/","title":{"rendered":"Dog Sitter mais avant tout Dog Lover !"},"content":{"rendered":"\t\t<div data-elementor-type=\"wp-page\" data-elementor-id=\"653\" class=\"elementor elementor-653\">\n\t\t\t\t\t\t<section class=\"elementor-section elementor-top-section elementor-element elementor-element-547c8b3 elementor-section-stretched elementor-section-boxed elementor-section-height-default elementor-section-height-default elementor-invisible\" data-id=\"547c8b3\" data-element_type=\"section\" data-settings=\"{&quot;stretch_section&quot;:&quot;section-stretched&quot;,&quot;animation&quot;:&quot;fadeIn&quot;}\">\n\t\t\t\t\t\t<div class=\"elementor-container elementor-column-gap-default\">\n\t\t\t\t\t<div class=\"elementor-column elementor-col-100 elementor-top-column elementor-element elementor-element-921d476\" data-id=\"921d476\" data-element_type=\"column\">\n\t\t\t<div class=\"elementor-widget-wrap elementor-element-populated\">\n\t\t\t\t\t\t<div class=\"elementor-element elementor-element-784ff5c elementor-widget elementor-widget-text-editor\" data-id=\"784ff5c\" data-element_type=\"widget\" data-widget_type=\"text-editor.default\">\n\t\t\t\t<div class=\"elementor-widget-container\">\n\t\t\t\t\t\t\t\t\t<p><strong>DOG<\/strong><strong> SITTER MAIS AVANT TOUT DOG LOVER !<\/strong><\/p>\t\t\t\t\t\t\t\t<\/div>\n\t\t\t\t<\/div>\n\t\t\t\t\t<\/div>\n\t\t<\/div>\n\t\t\t\t\t<\/div>\n\t\t<\/section>\n\t\t\t\t<section class=\"elementor-section elementor-top-section elementor-element elementor-element-c058b54 elementor-section-stretched animated-fast elementor-section-boxed elementor-section-height-default elementor-section-height-default elementor-invisible\" data-id=\"c058b54\" data-element_type=\"section\" data-settings=\"{&quot;stretch_section&quot;:&quot;section-stretched&quot;,&quot;animation&quot;:&quot;fadeIn&quot;}\">\n\t\t\t\t\t\t<div class=\"elementor-container elementor-column-gap-default\">\n\t\t\t\t\t<div class=\"elementor-column elementor-col-100 elementor-top-column elementor-element elementor-element-37bdffc\" data-id=\"37bdffc\" data-element_type=\"column\">\n\t\t\t<div class=\"elementor-widget-wrap elementor-element-populated\">\n\t\t\t\t\t\t<div class=\"elementor-element elementor-element-710c895 elementor-arrows-position-inside elementor-pagination-position-outside elementor-invisible elementor-widget elementor-widget-image-carousel\" data-id=\"710c895\" data-element_type=\"widget\" data-settings=\"{&quot;slides_to_show&quot;:&quot;1&quot;,&quot;_animation&quot;:&quot;fadeIn&quot;,&quot;effect&quot;:&quot;fade&quot;,&quot;autoplay_speed&quot;:2000,&quot;pause_on_hover&quot;:&quot;no&quot;,&quot;speed&quot;:2000,&quot;navigation&quot;:&quot;both&quot;,&quot;autoplay&quot;:&quot;yes&quot;,&quot;pause_on_interaction&quot;:&quot;yes&quot;,&quot;infinite&quot;:&quot;yes&quot;}\" data-widget_type=\"image-carousel.default\">\n\t\t\t\t<div class=\"elementor-widget-container\">\n\t\t\t\t\t\t\t<div class=\"elementor-image-carousel-wrapper swiper\" role=\"region\" aria-roledescription=\"carousel\" aria-label=\"Carrousel d\u2019images\" dir=\"ltr\">\n\t\t\t<div class=\"elementor-image-carousel swiper-wrapper\" aria-live=\"off\">\n\t\t\t\t\t\t\t\t<div class=\"swiper-slide\" role=\"group\" aria-roledescription=\"slide\" aria-label=\"1 sur 6\"><figure class=\"swiper-slide-inner\"><img decoding=\"async\" class=\"swiper-slide-image\" src=\"https:\/\/mikadoglover.com\/wp-content\/uploads\/elementor\/thumbs\/photo-groupe-scaled-e1669657354102-pydz1pxiyjla2aandhmdz1wp87tru3lp35jg6mhw5o.jpeg\" alt=\"photo-groupe\" \/><\/figure><\/div><div class=\"swiper-slide\" role=\"group\" aria-roledescription=\"slide\" aria-label=\"2 sur 6\"><figure class=\"swiper-slide-inner\"><img decoding=\"async\" class=\"swiper-slide-image\" src=\"https:\/\/mikadoglover.com\/wp-content\/uploads\/elementor\/thumbs\/F8F75FEA-A046-45C9-9148-3C7E7998A94C_1_102_o-e1644864970312-pkihnohdfdkejxao5inm6j7w5j77fw7pgxiquh77kc.jpeg\" alt=\"F8F75FEA-A046-45C9-9148-3C7E7998A94C_1_102_o\" \/><\/figure><\/div><div class=\"swiper-slide\" role=\"group\" aria-roledescription=\"slide\" aria-label=\"3 sur 6\"><figure class=\"swiper-slide-inner\"><img decoding=\"async\" class=\"swiper-slide-image\" src=\"https:\/\/mikadoglover.com\/wp-content\/uploads\/elementor\/thumbs\/cropped-background-oreo2-pjv80mi09pkicz72htvdn21ubtmmbcqhj9kw2sefpo.jpeg\" alt=\"cropped-background-oreo2.jpeg\" \/><\/figure><\/div><div class=\"swiper-slide\" role=\"group\" aria-roledescription=\"slide\" aria-label=\"4 sur 6\"><figure class=\"swiper-slide-inner\"><img decoding=\"async\" class=\"swiper-slide-image\" src=\"https:\/\/mikadoglover.com\/wp-content\/uploads\/elementor\/thumbs\/groupe-laisse-scaled-e1669656920861-pydyqdzkkg2u3ir7jlaawwunezoh1gm6v2epwjar64.jpeg\" alt=\"groupe-laisse\" \/><\/figure><\/div><div class=\"swiper-slide\" role=\"group\" aria-roledescription=\"slide\" aria-label=\"5 sur 6\"><figure class=\"swiper-slide-inner\"><img decoding=\"async\" class=\"swiper-slide-image\" src=\"https:\/\/mikadoglover.com\/wp-content\/uploads\/elementor\/thumbs\/sieste-scaled-e1673093581416-q0b79qbmipisroz2iyhbg0qxhvba5strfz6tdvqqdo.jpeg\" alt=\"sieste\" \/><\/figure><\/div><div class=\"swiper-slide\" role=\"group\" aria-roledescription=\"slide\" aria-label=\"6 sur 6\"><figure class=\"swiper-slide-inner\"><img decoding=\"async\" class=\"swiper-slide-image\" src=\"https:\/\/mikadoglover.com\/wp-content\/uploads\/elementor\/thumbs\/andy-paysage-scaled-pjzf4uyfg8ua5cy9cefzt8dil3eiac3a5xfqty3z7w.jpeg\" alt=\"andy-paysage\" \/><\/figure><\/div>\t\t\t<\/div>\n\t\t\t\t\t\t\t\t\t\t\t\t<div class=\"elementor-swiper-button elementor-swiper-button-prev\" role=\"button\" tabindex=\"0\">\n\t\t\t\t\t\t<i aria-hidden=\"true\" class=\"eicon-chevron-left\"><\/i>\t\t\t\t\t<\/div>\n\t\t\t\t\t<div class=\"elementor-swiper-button elementor-swiper-button-next\" role=\"button\" tabindex=\"0\">\n\t\t\t\t\t\t<i aria-hidden=\"true\" class=\"eicon-chevron-right\"><\/i>\t\t\t\t\t<\/div>\n\t\t\t\t\n\t\t\t\t\t\t\t\t\t<div class=\"swiper-pagination\"><\/div>\n\t\t\t\t\t\t\t\t\t<\/div>\n\t\t\t\t\t\t<\/div>\n\t\t\t\t<\/div>\n\t\t\t\t\t<\/div>\n\t\t<\/div>\n\t\t\t\t\t<\/div>\n\t\t<\/section>\n\t\t\t\t<section class=\"elementor-section elementor-top-section elementor-element elementor-element-1c882b0 elementor-section-stretched animated-fast elementor-section-boxed elementor-section-height-default elementor-section-height-default elementor-invisible\" data-id=\"1c882b0\" data-element_type=\"section\" data-settings=\"{&quot;stretch_section&quot;:&quot;section-stretched&quot;,&quot;background_background&quot;:&quot;classic&quot;,&quot;animation&quot;:&quot;fadeIn&quot;}\">\n\t\t\t\t\t\t<div class=\"elementor-container elementor-column-gap-default\">\n\t\t\t\t\t<div class=\"elementor-column elementor-col-100 elementor-top-column elementor-element elementor-element-5e26837\" data-id=\"5e26837\" data-element_type=\"column\" data-settings=\"{&quot;background_background&quot;:&quot;slideshow&quot;,&quot;background_slideshow_ken_burns&quot;:&quot;yes&quot;,&quot;background_slideshow_gallery&quot;:[],&quot;background_slideshow_loop&quot;:&quot;yes&quot;,&quot;background_slideshow_slide_duration&quot;:5000,&quot;background_slideshow_slide_transition&quot;:&quot;fade&quot;,&quot;background_slideshow_transition_duration&quot;:500,&quot;background_slideshow_ken_burns_zoom_direction&quot;:&quot;in&quot;}\">\n\t\t\t<div class=\"elementor-widget-wrap elementor-element-populated\">\n\t\t\t\t\t\t<div class=\"elementor-element elementor-element-b7452bd elementor-invisible elementor-widget elementor-widget-text-editor\" data-id=\"b7452bd\" data-element_type=\"widget\" data-settings=\"{&quot;_animation&quot;:&quot;fadeIn&quot;}\" data-widget_type=\"text-editor.default\">\n\t\t\t\t<div class=\"elementor-widget-container\">\n\t\t\t\t\t\t\t\t\t<p><strong>Vous partez en vacances, en week-end ou en d\u00e9placement ?\u00a0 Votre journ\u00e9e de travail va \u00eatre trop charg\u00e9e ? Vous voulez offrir un s\u00e9jour \u00e0 votre chien ? Vous habitez dans la r\u00e9gion de Montpellier ?<br \/><\/strong><\/p><p>Alors vous \u00eates au bon endroit ! Bienvenue sur mon site <strong>Mika Dog Lover <\/strong><img decoding=\"async\" class=\"emoji\" role=\"img\" draggable=\"false\" src=\"https:\/\/s.w.org\/images\/core\/emoji\/14.0.0\/svg\/1f436.svg\" alt=\"\ud83d\udc36\" \/><img decoding=\"async\" class=\"emoji\" role=\"img\" draggable=\"false\" src=\"https:\/\/s.w.org\/images\/core\/emoji\/14.0.0\/svg\/2764.svg\" alt=\"\u2764\ufe0f\" \/><\/p><p>En tant que <b>Dog Sitter<\/b>, je vous propose de me confier votre chien. Je m&rsquo;en occupe aux petits soins comme si c&rsquo;\u00e9tait le mien : de l&rsquo;amour \u00e0 gogo, des balades en veux tu en voil\u00e0 et une attention particuli\u00e8re \u00e0 ses besoins.<\/p><p><strong><a href=\"https:\/\/mikadoglover.com\/?page_id=586\" target=\"_blank\" rel=\"noopener\">&gt;&gt; En savoir plus sur mon fonctionnement &lt;&lt;<\/a><\/strong><\/p>\t\t\t\t\t\t\t\t<\/div>\n\t\t\t\t<\/div>\n\t\t\t\t\t<\/div>\n\t\t<\/div>\n\t\t\t\t\t<\/div>\n\t\t<\/section>\n\t\t\t\t<\/div>\n\t\t","protected":false},"excerpt":{"rendered":"<p>DOG SITTER MAIS AVANT TOUT DOG LOVER ! Vous partez en vacances, en week-end ou en d\u00e9placement ?\u00a0 Votre journ\u00e9e de travail va \u00eatre trop charg\u00e9e ? Vous voulez offrir un s\u00e9jour \u00e0 votre chien ? Vous habitez dans la r\u00e9gion de Montpellier ? Alors vous \u00eates au bon endroit ! Bienvenue sur mon site&hellip; <\/p>\n","protected":false},"author":1,"featured_media":0,"parent":0,"menu_order":0,"comment_status":"closed","ping_status":"closed","template":"","meta":{"footnotes":""},"class_list":["post-653","page","type-page","status-publish","hentry"],"yoast_head":"<!-- This site is optimized with the Yoast SEO plugin v26.1.1 - https:\/\/yoast.com\/wordpress\/plugins\/seo\/ -->\n<title>Dog Sitter mais avant tout Dog Lover ! - MIKA DOG LOVER<\/title>\n<meta name=\"robots\" content=\"index, follow, max-snippet:-1, max-image-preview:large, max-video-preview:-1\" \/>\n<link rel=\"canonical\" href=\"https:\/\/mikadoglover.com\/\" \/>\n<meta property=\"og:locale\" content=\"fr_FR\" \/>\n<meta property=\"og:type\" content=\"article\" \/>\n<meta property=\"og:title\" content=\"Dog Sitter mais avant tout Dog Lover ! - MIKA DOG LOVER\" \/>\n<meta property=\"og:description\" content=\"DOG SITTER MAIS AVANT TOUT DOG LOVER ! Vous partez en vacances, en week-end ou en d\u00e9placement ?\u00a0 Votre journ\u00e9e de travail va \u00eatre trop charg\u00e9e ? Vous voulez offrir un s\u00e9jour \u00e0 votre chien ? Vous habitez dans la r\u00e9gion de Montpellier ? Alors vous \u00eates au bon endroit ! Bienvenue sur mon site&hellip;\" \/>\n<meta property=\"og:url\" content=\"https:\/\/mikadoglover.com\/\" \/>\n<meta property=\"og:site_name\" content=\"MIKA DOG LOVER\" \/>\n<meta property=\"article:publisher\" content=\"https:\/\/www.facebook.com\/mikadoglover\" \/>\n<meta property=\"article:modified_time\" content=\"2025-10-18T19:19:03+00:00\" \/>\n<meta property=\"og:image\" content=\"https:\/\/mikadoglover.com\/wp-content\/uploads\/elementor\/thumbs\/photo-groupe-scaled-e1669657354102-pydz1pxiyjla2aandhmdz1wp87tru3lp35jg6mhw5o.jpeg\" \/>\n<meta name=\"twitter:card\" content=\"summary_large_image\" \/>\n<meta name=\"twitter:label1\" content=\"Dur\u00e9e de lecture estim\u00e9e\" \/>\n\t<meta name=\"twitter:data1\" content=\"3 minutes\" \/>\n<script type=\"application\/ld+json\" class=\"yoast-schema-graph\">{\"@context\":\"https:\/\/schema.org\",\"@graph\":[{\"@type\":\"WebPage\",\"@id\":\"https:\/\/mikadoglover.com\/\",\"url\":\"https:\/\/mikadoglover.com\/\",\"name\":\"Dog Sitter mais avant tout Dog Lover ! - MIKA DOG LOVER\",\"isPartOf\":{\"@id\":\"https:\/\/mikadoglover.com\/#website\"},\"primaryImageOfPage\":{\"@id\":\"https:\/\/mikadoglover.com\/#primaryimage\"},\"image\":{\"@id\":\"https:\/\/mikadoglover.com\/#primaryimage\"},\"thumbnailUrl\":\"https:\/\/mikadoglover.com\/wp-content\/uploads\/elementor\/thumbs\/photo-groupe-scaled-e1669657354102-pydz1pxiyjla2aandhmdz1wp87tru3lp35jg6mhw5o.jpeg\",\"datePublished\":\"2022-01-31T16:48:54+00:00\",\"dateModified\":\"2025-10-18T19:19:03+00:00\",\"breadcrumb\":{\"@id\":\"https:\/\/mikadoglover.com\/#breadcrumb\"},\"inLanguage\":\"fr-FR\",\"potentialAction\":[{\"@type\":\"ReadAction\",\"target\":[\"https:\/\/mikadoglover.com\/\"]}]},{\"@type\":\"ImageObject\",\"inLanguage\":\"fr-FR\",\"@id\":\"https:\/\/mikadoglover.com\/#primaryimage\",\"url\":\"https:\/\/mikadoglover.com\/wp-content\/uploads\/elementor\/thumbs\/photo-groupe-scaled-e1669657354102-pydz1pxiyjla2aandhmdz1wp87tru3lp35jg6mhw5o.jpeg\",\"contentUrl\":\"https:\/\/mikadoglover.com\/wp-content\/uploads\/elementor\/thumbs\/photo-groupe-scaled-e1669657354102-pydz1pxiyjla2aandhmdz1wp87tru3lp35jg6mhw5o.jpeg\"},{\"@type\":\"BreadcrumbList\",\"@id\":\"https:\/\/mikadoglover.com\/#breadcrumb\",\"itemListElement\":[{\"@type\":\"ListItem\",\"position\":1,\"name\":\"Accueil\",\"item\":\"https:\/\/mikadoglover.com\/\"},{\"@type\":\"ListItem\",\"position\":2,\"name\":\"Dog Sitter mais avant tout Dog Lover !\"}]},{\"@type\":\"WebSite\",\"@id\":\"https:\/\/mikadoglover.com\/#website\",\"url\":\"https:\/\/mikadoglover.com\/\",\"name\":\"MIKA DOG LOVER\",\"description\":\"Dog sitter mais avant tout Dog Lover !\",\"publisher\":{\"@id\":\"https:\/\/mikadoglover.com\/#organization\"},\"potentialAction\":[{\"@type\":\"SearchAction\",\"target\":{\"@type\":\"EntryPoint\",\"urlTemplate\":\"https:\/\/mikadoglover.com\/?s={search_term_string}\"},\"query-input\":{\"@type\":\"PropertyValueSpecification\",\"valueRequired\":true,\"valueName\":\"search_term_string\"}}],\"inLanguage\":\"fr-FR\"},{\"@type\":\"Organization\",\"@id\":\"https:\/\/mikadoglover.com\/#organization\",\"name\":\"MIKA DOG LOVER\",\"url\":\"https:\/\/mikadoglover.com\/\",\"logo\":{\"@type\":\"ImageObject\",\"inLanguage\":\"fr-FR\",\"@id\":\"https:\/\/mikadoglover.com\/#\/schema\/logo\/image\/\",\"url\":\"https:\/\/mikadoglover.com\/wp-content\/uploads\/2022\/02\/MIKA-DOG-LOVER-LOGO-e1643917684448.png\",\"contentUrl\":\"https:\/\/mikadoglover.com\/wp-content\/uploads\/2022\/02\/MIKA-DOG-LOVER-LOGO-e1643917684448.png\",\"width\":150,\"height\":140,\"caption\":\"MIKA DOG LOVER\"},\"image\":{\"@id\":\"https:\/\/mikadoglover.com\/#\/schema\/logo\/image\/\"},\"sameAs\":[\"https:\/\/www.facebook.com\/mikadoglover\",\"https:\/\/www.instagram.com\/mikadoglover\"]}]}<\/script>\n<!-- \/ Yoast SEO plugin. -->","yoast_head_json":{"title":"Dog Sitter mais avant tout Dog Lover ! - MIKA DOG LOVER","robots":{"index":"index","follow":"follow","max-snippet":"max-snippet:-1","max-image-preview":"max-image-preview:large","max-video-preview":"max-video-preview:-1"},"canonical":"https:\/\/mikadoglover.com\/","og_locale":"fr_FR","og_type":"article","og_title":"Dog Sitter mais avant tout Dog Lover ! - MIKA DOG LOVER","og_description":"DOG SITTER MAIS AVANT TOUT DOG LOVER ! Vous partez en vacances, en week-end ou en d\u00e9placement ?\u00a0 Votre journ\u00e9e de travail va \u00eatre trop charg\u00e9e ? Vous voulez offrir un s\u00e9jour \u00e0 votre chien ? Vous habitez dans la r\u00e9gion de Montpellier ? Alors vous \u00eates au bon endroit ! Bienvenue sur mon site&hellip;","og_url":"https:\/\/mikadoglover.com\/","og_site_name":"MIKA DOG LOVER","article_publisher":"https:\/\/www.facebook.com\/mikadoglover","article_modified_time":"2025-10-18T19:19:03+00:00","og_image":[{"url":"https:\/\/mikadoglover.com\/wp-content\/uploads\/elementor\/thumbs\/photo-groupe-scaled-e1669657354102-pydz1pxiyjla2aandhmdz1wp87tru3lp35jg6mhw5o.jpeg","type":"","width":"","height":""}],"twitter_card":"summary_large_image","twitter_misc":{"Dur\u00e9e de lecture estim\u00e9e":"3 minutes"},"schema":{"@context":"https:\/\/schema.org","@graph":[{"@type":"WebPage","@id":"https:\/\/mikadoglover.com\/","url":"https:\/\/mikadoglover.com\/","name":"Dog Sitter mais avant tout Dog Lover ! - MIKA DOG LOVER","isPartOf":{"@id":"https:\/\/mikadoglover.com\/#website"},"primaryImageOfPage":{"@id":"https:\/\/mikadoglover.com\/#primaryimage"},"image":{"@id":"https:\/\/mikadoglover.com\/#primaryimage"},"thumbnailUrl":"https:\/\/mikadoglover.com\/wp-content\/uploads\/elementor\/thumbs\/photo-groupe-scaled-e1669657354102-pydz1pxiyjla2aandhmdz1wp87tru3lp35jg6mhw5o.jpeg","datePublished":"2022-01-31T16:48:54+00:00","dateModified":"2025-10-18T19:19:03+00:00","breadcrumb":{"@id":"https:\/\/mikadoglover.com\/#breadcrumb"},"inLanguage":"fr-FR","potentialAction":[{"@type":"ReadAction","target":["https:\/\/mikadoglover.com\/"]}]},{"@type":"ImageObject","inLanguage":"fr-FR","@id":"https:\/\/mikadoglover.com\/#primaryimage","url":"https:\/\/mikadoglover.com\/wp-content\/uploads\/elementor\/thumbs\/photo-groupe-scaled-e1669657354102-pydz1pxiyjla2aandhmdz1wp87tru3lp35jg6mhw5o.jpeg","contentUrl":"https:\/\/mikadoglover.com\/wp-content\/uploads\/elementor\/thumbs\/photo-groupe-scaled-e1669657354102-pydz1pxiyjla2aandhmdz1wp87tru3lp35jg6mhw5o.jpeg"},{"@type":"BreadcrumbList","@id":"https:\/\/mikadoglover.com\/#breadcrumb","itemListElement":[{"@type":"ListItem","position":1,"name":"Accueil","item":"https:\/\/mikadoglover.com\/"},{"@type":"ListItem","position":2,"name":"Dog Sitter mais avant tout Dog Lover !"}]},{"@type":"WebSite","@id":"https:\/\/mikadoglover.com\/#website","url":"https:\/\/mikadoglover.com\/","name":"MIKA DOG LOVER","description":"Dog sitter mais avant tout Dog Lover !","publisher":{"@id":"https:\/\/mikadoglover.com\/#organization"},"potentialAction":[{"@type":"SearchAction","target":{"@type":"EntryPoint","urlTemplate":"https:\/\/mikadoglover.com\/?s={search_term_string}"},"query-input":{"@type":"PropertyValueSpecification","valueRequired":true,"valueName":"search_term_string"}}],"inLanguage":"fr-FR"},{"@type":"Organization","@id":"https:\/\/mikadoglover.com\/#organization","name":"MIKA DOG LOVER","url":"https:\/\/mikadoglover.com\/","logo":{"@type":"ImageObject","inLanguage":"fr-FR","@id":"https:\/\/mikadoglover.com\/#\/schema\/logo\/image\/","url":"https:\/\/mikadoglover.com\/wp-content\/uploads\/2022\/02\/MIKA-DOG-LOVER-LOGO-e1643917684448.png","contentUrl":"https:\/\/mikadoglover.com\/wp-content\/uploads\/2022\/02\/MIKA-DOG-LOVER-LOGO-e1643917684448.png","width":150,"height":140,"caption":"MIKA DOG LOVER"},"image":{"@id":"https:\/\/mikadoglover.com\/#\/schema\/logo\/image\/"},"sameAs":["https:\/\/www.facebook.com\/mikadoglover","https:\/\/www.instagram.com\/mikadoglover"]}]}},"_links":{"self":[{"href":"https:\/\/mikadoglover.com\/index.php?rest_route=\/wp\/v2\/pages\/653","targetHints":{"allow":["GET"]}}],"collection":[{"href":"https:\/\/mikadoglover.com\/index.php?rest_route=\/wp\/v2\/pages"}],"about":[{"href":"https:\/\/mikadoglover.com\/index.php?rest_route=\/wp\/v2\/types\/page"}],"author":[{"embeddable":true,"href":"https:\/\/mikadoglover.com\/index.php?rest_route=\/wp\/v2\/users\/1"}],"replies":[{"embeddable":true,"href":"https:\/\/mikadoglover.com\/index.php?rest_route=%2Fwp%2Fv2%2Fcomments&post=653"}],"version-history":[{"count":3,"href":"https:\/\/mikadoglover.com\/index.php?rest_route=\/wp\/v2\/pages\/653\/revisions"}],"predecessor-version":[{"id":2372,"href":"https:\/\/mikadoglover.com\/index.php?rest_route=\/wp\/v2\/pages\/653\/revisions\/2372"}],"wp:attachment":[{"href":"https:\/\/mikadoglover.com\/index.php?rest_route=%2Fwp%2Fv2%2Fmedia&parent=653"}],"curies":[{"name":"wp","href":"https:\/\/api.w.org\/{rel}","templated":true}]}}