{"id":591,"date":"2022-01-31T13:09:26","date_gmt":"2022-01-31T12:09:26","guid":{"rendered":"https:\/\/mikadoglover.com\/?page_id=591"},"modified":"2023-03-10T20:21:44","modified_gmt":"2023-03-10T19:21:44","slug":"garderie","status":"publish","type":"page","link":"https:\/\/mikadoglover.com\/?page_id=591","title":{"rendered":"Garderie"},"content":{"rendered":"\t\t<div data-elementor-type=\"wp-page\" data-elementor-id=\"591\" class=\"elementor elementor-591\">\n\t\t\t\t\t\t<section class=\"elementor-section elementor-top-section elementor-element elementor-element-21442f5 elementor-section-stretched elementor-section-boxed elementor-section-height-default elementor-section-height-default\" data-id=\"21442f5\" data-element_type=\"section\" data-settings=\"{&quot;stretch_section&quot;:&quot;section-stretched&quot;}\">\n\t\t\t\t\t\t<div class=\"elementor-container elementor-column-gap-default\">\n\t\t\t\t\t<div class=\"elementor-column elementor-col-100 elementor-top-column elementor-element elementor-element-65aaccc\" data-id=\"65aaccc\" data-element_type=\"column\">\n\t\t\t<div class=\"elementor-widget-wrap elementor-element-populated\">\n\t\t\t\t\t\t<div class=\"elementor-element elementor-element-55ddea7 elementor-invisible elementor-widget elementor-widget-text-editor\" data-id=\"55ddea7\" data-element_type=\"widget\" data-settings=\"{&quot;_animation&quot;:&quot;fadeIn&quot;}\" data-widget_type=\"text-editor.default\">\n\t\t\t\t<div class=\"elementor-widget-container\">\n\t\t\t\t\t\t\t\t\t<p>Garderie<\/p>\t\t\t\t\t\t\t\t<\/div>\n\t\t\t\t<\/div>\n\t\t\t\t\t<\/div>\n\t\t<\/div>\n\t\t\t\t\t<\/div>\n\t\t<\/section>\n\t\t\t\t<section class=\"elementor-section elementor-top-section elementor-element elementor-element-bec2547 elementor-section-stretched animated-fast elementor-section-boxed elementor-section-height-default elementor-section-height-default elementor-invisible\" data-id=\"bec2547\" data-element_type=\"section\" data-settings=\"{&quot;stretch_section&quot;:&quot;section-stretched&quot;,&quot;animation&quot;:&quot;fadeIn&quot;}\">\n\t\t\t\t\t\t<div class=\"elementor-container elementor-column-gap-default\">\n\t\t\t\t\t<div class=\"elementor-column elementor-col-100 elementor-top-column elementor-element elementor-element-ed91fce\" data-id=\"ed91fce\" data-element_type=\"column\">\n\t\t\t<div class=\"elementor-widget-wrap elementor-element-populated\">\n\t\t\t\t\t\t<div class=\"elementor-element elementor-element-651e1f4 animated-fast elementor-invisible elementor-widget elementor-widget-image\" data-id=\"651e1f4\" data-element_type=\"widget\" data-settings=\"{&quot;_animation&quot;:&quot;fadeIn&quot;}\" data-widget_type=\"image.default\">\n\t\t\t\t<div class=\"elementor-widget-container\">\n\t\t\t\t\t\t\t\t\t\t\t\t\t\t\t<img decoding=\"async\" src=\"https:\/\/mikadoglover.com\/wp-content\/uploads\/elementor\/thumbs\/garderie2-scaled-e1645552569540-pkwccwxnhfrskoi2534z5a8ll36zo227jpfmusty7k.jpeg\" title=\"garderie2\" alt=\"garderie2\" loading=\"lazy\" \/>\t\t\t\t\t\t\t\t\t\t\t\t\t\t\t<\/div>\n\t\t\t\t<\/div>\n\t\t\t\t\t<\/div>\n\t\t<\/div>\n\t\t\t\t\t<\/div>\n\t\t<\/section>\n\t\t\t\t<section class=\"elementor-section elementor-top-section elementor-element elementor-element-fc31cfd elementor-section-stretched animated-fast elementor-section-boxed elementor-section-height-default elementor-section-height-default elementor-invisible\" data-id=\"fc31cfd\" data-element_type=\"section\" data-settings=\"{&quot;stretch_section&quot;:&quot;section-stretched&quot;,&quot;animation&quot;:&quot;fadeIn&quot;}\">\n\t\t\t\t\t\t<div class=\"elementor-container elementor-column-gap-default\">\n\t\t\t\t\t<div class=\"elementor-column elementor-col-100 elementor-top-column elementor-element elementor-element-c0d932e\" data-id=\"c0d932e\" data-element_type=\"column\">\n\t\t\t<div class=\"elementor-widget-wrap elementor-element-populated\">\n\t\t\t\t\t\t<div class=\"elementor-element elementor-element-566735b animated-fast elementor-invisible elementor-widget elementor-widget-text-editor\" data-id=\"566735b\" data-element_type=\"widget\" data-settings=\"{&quot;_animation&quot;:&quot;fadeIn&quot;}\" data-widget_type=\"text-editor.default\">\n\t\t\t\t<div class=\"elementor-widget-container\">\n\t\t\t\t\t\t\t\t\t<p>Le service de <b>garderie<\/b> est fait pour <b>la journ\u00e9e<\/b>. Vous savez que votre journ\u00e9e sera trop charg\u00e9e et vous voulez que je m&rsquo;occupe de lui, ou tout simplement vous voulez lui offrir une super journ\u00e9e avec <b>deux balades<\/b> et une <b>bande de copains<\/b>. Votre chien sera<b> accueilli chez moi <\/b>et il y passera toute la journ\u00e9e. <b>Je prendrai soin de votre chien comme si c&rsquo;\u00e9tait le mien<\/b> : c\u00e2lins, jeux, balades, discussions, brossages, massages etc &#8230; Je prendrai soin aussi de <b>vous rassurer et de vous informer <\/b>sur sa journ\u00e9e.<\/p><p>Voici comment se d\u00e9roule une <b>journ\u00e9e type<\/b> :<\/p><ul><li>\u00a0Le matin vous me le <b>d\u00e9posez<\/b><\/li><li>Dans la matin\u00e9e nous partons en <b>balade<\/b><\/li><li>Quelques temps apr\u00e8s la balade c&rsquo;est le moment de les <b>nourrir<\/b> (\u00e9videmment pas tout de suite apr\u00e8s la balade)<\/li><li>Ensuite ils peuvent <b>jouer<\/b> ensemble ou bien <b>dormir<\/b>, dans le jardin ou dans la maison (je ne les laisse pas jouer juste apr\u00e8s les avoir nourri, cela va de soit)<\/li><li>En g\u00e9n\u00e9ral en milieu de journ\u00e9e j&rsquo;impose un temps calme avec une <b>sieste<\/b> que je fais avec eux<\/li><li>L&rsquo;apr\u00e8s midi nous partons pour une <b>deuxi\u00e8me balade<\/b><\/li><li>En fin d&rsquo;apr\u00e8s midi, c&rsquo;est le moment de les <b>nourrir<\/b> \u00e0 nouveau<\/li><li>Ensuite vous venez le <b>r\u00e9cup\u00e9rer<\/b> quand cela vous arrange<\/li><\/ul><div><p>J&rsquo;adapte cette journ\u00e9e type en <b>fonction des saisons. <\/b>Par forte chaleur, nous sortons tr\u00e8s t\u00f4t le matin et tard le soir quand il fait plus frais. Je m&rsquo;adapte aussi en <b>fonction des chiens<\/b> lorsqu&rsquo;ils sont par exemple plus <b>\u00e2g\u00e9s,<\/b> je leur fais faire des plus petites balades, g\u00e9n\u00e9ralement apr\u00e8s la balade des plus jeunes.<\/p><p>Les balades ont lieu en garrigue entre <strong>Pignan, Murviel et<\/strong> <strong>Saint-Georges-D&rsquo;orques.<\/strong> Parfois, je peux les emmener sur d&rsquo;autres endroits comme le massif de la Gardiole, Saint-Guilhem-le-D\u00e9sert, au Pic-Saint-Loup, au lac du Salagou, dans les C\u00e9vennes ou m\u00eame encore \u00e0 la mer ou \u00e0 la rivi\u00e8re.<\/p><p>Pour la <b>logistique<\/b>, vous pouvez me <b>d\u00e9poser<\/b> votre chien et venez le <b>r\u00e9cup\u00e9rer<\/b>. En g\u00e9n\u00e9ral, il est pr\u00e9f\u00e9rable de me d\u00e9poser votre chien <b>avant la balade du matin<\/b>. pour qu&rsquo;il puisse profiter des deux balades. Je suis assez flexible au niveau des horaires, donc m\u00eame si vous allez au travail de bonne heure ou \u00ab\u00a0de bonheur\u00a0\u00bb, nous pourrons trouver une solution pour que vous le d\u00e9posiez avant, dans la limite du raisonnable \u00e9videmment. Lorsque vous me d\u00e9posez votre chien, la rencontre avec ses cong\u00e9n\u00e8res se d\u00e9roulera dans le jardin. En fonction du profil de votre chien, vous pourrez assister \u00e0 cette rencontre. Dans certains cas je m&rsquo;occuperai seul de cette rencontre.<\/p><p>Pour le <b>service de garderie<\/b><b> <\/b>je vous demande de bien vouloir fournir les <b>\u00e9l\u00e9ments suivants<\/b> :<\/p><ul><li>\u00a0Sa <b>nourriture<\/b> (croquettes ou autre) et m&rsquo;indiquer la quantit\u00e9 qu&rsquo;il aura en deux fois (un verre doseur est bienvenu)<\/li><li>Sa <b>gamelle pour la nourriture <\/b>(j&rsquo;ai ce qu&rsquo;il faut pour l&rsquo;eau)<\/li><li>Une <b>laisse<\/b>, son <b>collier<\/b> ou un <b>harnais<\/b> et si besoin une <b>longe<\/b><\/li><li>Des <b>friandises<\/b> (pas obligatoire mais peut \u00eatre utile pour les balades ou les jeux)<\/li><li>Son <b>panier<\/b> ou son <b>tapis<\/b> ou sa <b>couverture<\/b><\/li><li>Des<b> sacs \u00e0 crottes<\/b><\/li><\/ul><\/div>\t\t\t\t\t\t\t\t<\/div>\n\t\t\t\t<\/div>\n\t\t\t\t\t<\/div>\n\t\t<\/div>\n\t\t\t\t\t<\/div>\n\t\t<\/section>\n\t\t\t\t<section class=\"elementor-section elementor-top-section elementor-element elementor-element-1a79dd5 elementor-section-stretched animated-fast elementor-section-boxed elementor-section-height-default elementor-section-height-default elementor-invisible\" data-id=\"1a79dd5\" data-element_type=\"section\" data-settings=\"{&quot;stretch_section&quot;:&quot;section-stretched&quot;,&quot;background_background&quot;:&quot;classic&quot;,&quot;animation&quot;:&quot;fadeIn&quot;}\">\n\t\t\t\t\t\t<div class=\"elementor-container elementor-column-gap-default\">\n\t\t\t\t\t<div class=\"elementor-column elementor-col-100 elementor-top-column elementor-element elementor-element-2e2dae5\" data-id=\"2e2dae5\" data-element_type=\"column\" data-settings=\"{&quot;background_background&quot;:&quot;slideshow&quot;,&quot;background_slideshow_ken_burns&quot;:&quot;yes&quot;,&quot;background_slideshow_gallery&quot;:[],&quot;background_slideshow_loop&quot;:&quot;yes&quot;,&quot;background_slideshow_slide_duration&quot;:5000,&quot;background_slideshow_slide_transition&quot;:&quot;fade&quot;,&quot;background_slideshow_transition_duration&quot;:500,&quot;background_slideshow_ken_burns_zoom_direction&quot;:&quot;in&quot;}\">\n\t\t\t<div class=\"elementor-widget-wrap elementor-element-populated\">\n\t\t\t\t\t\t<div class=\"elementor-element elementor-element-cb860a8 elementor-invisible elementor-widget elementor-widget-text-editor\" data-id=\"cb860a8\" data-element_type=\"widget\" data-settings=\"{&quot;_animation&quot;:&quot;fadeIn&quot;}\" data-widget_type=\"text-editor.default\">\n\t\t\t\t<div class=\"elementor-widget-container\">\n\t\t\t\t\t\t\t\t\t<p><a href=\"https:\/\/mikadoglover.com\/?page_id=586\"><strong>&gt;&gt; Retrouvez mon mode de fonctionnement dans la rubrique <\/strong><strong>Mes Services<\/strong><strong> &lt;&lt;<\/strong><\/a><em><strong><br \/><\/strong><\/em><\/p>\t\t\t\t\t\t\t\t<\/div>\n\t\t\t\t<\/div>\n\t\t\t\t\t<\/div>\n\t\t<\/div>\n\t\t\t\t\t<\/div>\n\t\t<\/section>\n\t\t\t\t<section class=\"elementor-section elementor-top-section elementor-element elementor-element-8c0561b elementor-section-stretched elementor-section-boxed elementor-section-height-default elementor-section-height-default\" data-id=\"8c0561b\" data-element_type=\"section\" data-settings=\"{&quot;stretch_section&quot;:&quot;section-stretched&quot;}\">\n\t\t\t\t\t\t<div class=\"elementor-container elementor-column-gap-default\">\n\t\t\t\t\t<div class=\"elementor-column elementor-col-50 elementor-top-column elementor-element elementor-element-f974506\" data-id=\"f974506\" data-element_type=\"column\">\n\t\t\t<div class=\"elementor-widget-wrap elementor-element-populated\">\n\t\t\t\t\t\t<div class=\"elementor-element elementor-element-872549e elementor-invisible elementor-widget elementor-widget-image\" data-id=\"872549e\" data-element_type=\"widget\" data-settings=\"{&quot;_animation&quot;:&quot;fadeIn&quot;}\" data-widget_type=\"image.default\">\n\t\t\t\t<div class=\"elementor-widget-container\">\n\t\t\t\t\t\t\t\t\t\t\t\t\t\t\t\t<a href=\"https:\/\/mikadoglover.com\/?page_id=588\">\n\t\t\t\t\t\t\t<img fetchpriority=\"high\" decoding=\"async\" width=\"790\" height=\"436\" src=\"https:\/\/mikadoglover.com\/wp-content\/uploads\/2022\/02\/hebergement-scaled-e1643711672633-1024x565.jpeg\" class=\"attachment-large size-large wp-image-814\" alt=\"\" srcset=\"https:\/\/mikadoglover.com\/wp-content\/uploads\/2022\/02\/hebergement-scaled-e1643711672633-1024x565.jpeg 1024w, https:\/\/mikadoglover.com\/wp-content\/uploads\/2022\/02\/hebergement-scaled-e1643711672633-300x166.jpeg 300w, https:\/\/mikadoglover.com\/wp-content\/uploads\/2022\/02\/hebergement-scaled-e1643711672633-768x424.jpeg 768w, https:\/\/mikadoglover.com\/wp-content\/uploads\/2022\/02\/hebergement-scaled-e1643711672633-1536x847.jpeg 1536w, https:\/\/mikadoglover.com\/wp-content\/uploads\/2022\/02\/hebergement-scaled-e1643711672633.jpeg 2041w\" sizes=\"(max-width: 790px) 100vw, 790px\" \/>\t\t\t\t\t\t\t\t<\/a>\n\t\t\t\t\t\t\t\t\t\t\t\t\t\t\t<\/div>\n\t\t\t\t<\/div>\n\t\t\t\t<div class=\"elementor-element elementor-element-46e0910 elementor-align-center elementor-invisible elementor-widget elementor-widget-button\" data-id=\"46e0910\" data-element_type=\"widget\" data-settings=\"{&quot;_animation&quot;:&quot;fadeIn&quot;}\" data-widget_type=\"button.default\">\n\t\t\t\t<div class=\"elementor-widget-container\">\n\t\t\t\t\t\t\t\t\t<div class=\"elementor-button-wrapper\">\n\t\t\t\t\t<a class=\"elementor-button elementor-button-link elementor-size-sm\" href=\"https:\/\/mikadoglover.com\/?page_id=588\">\n\t\t\t\t\t\t<span class=\"elementor-button-content-wrapper\">\n\t\t\t\t\t\t\t\t\t<span class=\"elementor-button-text\">H\u00e9bergement<\/span>\n\t\t\t\t\t<\/span>\n\t\t\t\t\t<\/a>\n\t\t\t\t<\/div>\n\t\t\t\t\t\t\t\t<\/div>\n\t\t\t\t<\/div>\n\t\t\t\t\t<\/div>\n\t\t<\/div>\n\t\t\t\t<div class=\"elementor-column elementor-col-50 elementor-top-column elementor-element elementor-element-bbc6fb9\" data-id=\"bbc6fb9\" data-element_type=\"column\">\n\t\t\t<div class=\"elementor-widget-wrap elementor-element-populated\">\n\t\t\t\t\t\t<div class=\"elementor-element elementor-element-d81ab04 elementor-invisible elementor-widget elementor-widget-image\" data-id=\"d81ab04\" data-element_type=\"widget\" data-settings=\"{&quot;_animation&quot;:&quot;fadeIn&quot;}\" data-widget_type=\"image.default\">\n\t\t\t\t<div class=\"elementor-widget-container\">\n\t\t\t\t\t\t\t\t\t\t\t\t\t\t\t\t<a href=\"https:\/\/mikadoglover.com\/?page_id=591\">\n\t\t\t\t\t\t\t<img decoding=\"async\" width=\"790\" height=\"436\" src=\"https:\/\/mikadoglover.com\/wp-content\/uploads\/2022\/02\/garderie-scaled-e1643711916780-1024x565.jpeg\" class=\"attachment-large size-large wp-image-818\" alt=\"\" srcset=\"https:\/\/mikadoglover.com\/wp-content\/uploads\/2022\/02\/garderie-scaled-e1643711916780-1024x565.jpeg 1024w, https:\/\/mikadoglover.com\/wp-content\/uploads\/2022\/02\/garderie-scaled-e1643711916780-300x166.jpeg 300w, https:\/\/mikadoglover.com\/wp-content\/uploads\/2022\/02\/garderie-scaled-e1643711916780-768x424.jpeg 768w, https:\/\/mikadoglover.com\/wp-content\/uploads\/2022\/02\/garderie-scaled-e1643711916780-1536x847.jpeg 1536w, https:\/\/mikadoglover.com\/wp-content\/uploads\/2022\/02\/garderie-scaled-e1643711916780.jpeg 2041w\" sizes=\"(max-width: 790px) 100vw, 790px\" \/>\t\t\t\t\t\t\t\t<\/a>\n\t\t\t\t\t\t\t\t\t\t\t\t\t\t\t<\/div>\n\t\t\t\t<\/div>\n\t\t\t\t<div class=\"elementor-element elementor-element-4b5c29d elementor-align-center elementor-invisible elementor-widget elementor-widget-button\" data-id=\"4b5c29d\" data-element_type=\"widget\" data-settings=\"{&quot;_animation&quot;:&quot;fadeIn&quot;}\" data-widget_type=\"button.default\">\n\t\t\t\t<div class=\"elementor-widget-container\">\n\t\t\t\t\t\t\t\t\t<div class=\"elementor-button-wrapper\">\n\t\t\t\t\t<a class=\"elementor-button elementor-button-link elementor-size-sm\" href=\"https:\/\/mikadoglover.com\/?page_id=591\">\n\t\t\t\t\t\t<span class=\"elementor-button-content-wrapper\">\n\t\t\t\t\t\t\t\t\t<span class=\"elementor-button-text\">Garderie<\/span>\n\t\t\t\t\t<\/span>\n\t\t\t\t\t<\/a>\n\t\t\t\t<\/div>\n\t\t\t\t\t\t\t\t<\/div>\n\t\t\t\t<\/div>\n\t\t\t\t\t<\/div>\n\t\t<\/div>\n\t\t\t\t\t<\/div>\n\t\t<\/section>\n\t\t\t\t<\/div>\n\t\t","protected":false},"excerpt":{"rendered":"<p>Garderie Le service de garderie est fait pour la journ\u00e9e. Vous savez que votre journ\u00e9e sera trop charg\u00e9e et vous voulez que je m&rsquo;occupe de lui, ou tout simplement vous voulez lui offrir une super journ\u00e9e avec deux balades et une bande de copains. Votre chien sera accueilli chez moi et il y passera toute&hellip; <\/p>\n","protected":false},"author":1,"featured_media":0,"parent":0,"menu_order":0,"comment_status":"closed","ping_status":"closed","template":"","meta":{"footnotes":""},"class_list":["post-591","page","type-page","status-publish","hentry"],"yoast_head":"<!-- This site is optimized with the Yoast SEO plugin v26.1.1 - https:\/\/yoast.com\/wordpress\/plugins\/seo\/ -->\n<title>Garderie - MIKA DOG LOVER<\/title>\n<meta name=\"robots\" content=\"index, follow, max-snippet:-1, max-image-preview:large, max-video-preview:-1\" \/>\n<link rel=\"canonical\" href=\"https:\/\/mikadoglover.com\/?page_id=591\" \/>\n<meta property=\"og:locale\" content=\"fr_FR\" \/>\n<meta property=\"og:type\" content=\"article\" \/>\n<meta property=\"og:title\" content=\"Garderie - MIKA DOG LOVER\" \/>\n<meta property=\"og:description\" content=\"Garderie Le service de garderie est fait pour la journ\u00e9e. Vous savez que votre journ\u00e9e sera trop charg\u00e9e et vous voulez que je m&rsquo;occupe de lui, ou tout simplement vous voulez lui offrir une super journ\u00e9e avec deux balades et une bande de copains. Votre chien sera accueilli chez moi et il y passera toute&hellip;\" \/>\n<meta property=\"og:url\" content=\"https:\/\/mikadoglover.com\/?page_id=591\" \/>\n<meta property=\"og:site_name\" content=\"MIKA DOG LOVER\" \/>\n<meta property=\"article:publisher\" content=\"https:\/\/www.facebook.com\/mikadoglover\" \/>\n<meta property=\"article:modified_time\" content=\"2023-03-10T19:21:44+00:00\" \/>\n<meta property=\"og:image\" content=\"https:\/\/mikadoglover.com\/wp-content\/uploads\/elementor\/thumbs\/garderie2-scaled-e1645552569540-pkwccwxnhfrskoi2534z5a8ll36zo227jpfmusty7k.jpeg\" \/>\n<meta name=\"twitter:card\" content=\"summary_large_image\" \/>\n<meta name=\"twitter:label1\" content=\"Dur\u00e9e de lecture estim\u00e9e\" \/>\n\t<meta name=\"twitter:data1\" content=\"4 minutes\" \/>\n<script type=\"application\/ld+json\" class=\"yoast-schema-graph\">{\"@context\":\"https:\/\/schema.org\",\"@graph\":[{\"@type\":\"WebPage\",\"@id\":\"https:\/\/mikadoglover.com\/?page_id=591\",\"url\":\"https:\/\/mikadoglover.com\/?page_id=591\",\"name\":\"Garderie - MIKA DOG LOVER\",\"isPartOf\":{\"@id\":\"https:\/\/mikadoglover.com\/#website\"},\"primaryImageOfPage\":{\"@id\":\"https:\/\/mikadoglover.com\/?page_id=591#primaryimage\"},\"image\":{\"@id\":\"https:\/\/mikadoglover.com\/?page_id=591#primaryimage\"},\"thumbnailUrl\":\"https:\/\/mikadoglover.com\/wp-content\/uploads\/elementor\/thumbs\/garderie2-scaled-e1645552569540-pkwccwxnhfrskoi2534z5a8ll36zo227jpfmusty7k.jpeg\",\"datePublished\":\"2022-01-31T12:09:26+00:00\",\"dateModified\":\"2023-03-10T19:21:44+00:00\",\"breadcrumb\":{\"@id\":\"https:\/\/mikadoglover.com\/?page_id=591#breadcrumb\"},\"inLanguage\":\"fr-FR\",\"potentialAction\":[{\"@type\":\"ReadAction\",\"target\":[\"https:\/\/mikadoglover.com\/?page_id=591\"]}]},{\"@type\":\"ImageObject\",\"inLanguage\":\"fr-FR\",\"@id\":\"https:\/\/mikadoglover.com\/?page_id=591#primaryimage\",\"url\":\"https:\/\/mikadoglover.com\/wp-content\/uploads\/elementor\/thumbs\/garderie2-scaled-e1645552569540-pkwccwxnhfrskoi2534z5a8ll36zo227jpfmusty7k.jpeg\",\"contentUrl\":\"https:\/\/mikadoglover.com\/wp-content\/uploads\/elementor\/thumbs\/garderie2-scaled-e1645552569540-pkwccwxnhfrskoi2534z5a8ll36zo227jpfmusty7k.jpeg\"},{\"@type\":\"BreadcrumbList\",\"@id\":\"https:\/\/mikadoglover.com\/?page_id=591#breadcrumb\",\"itemListElement\":[{\"@type\":\"ListItem\",\"position\":1,\"name\":\"Accueil\",\"item\":\"https:\/\/mikadoglover.com\/\"},{\"@type\":\"ListItem\",\"position\":2,\"name\":\"Garderie\"}]},{\"@type\":\"WebSite\",\"@id\":\"https:\/\/mikadoglover.com\/#website\",\"url\":\"https:\/\/mikadoglover.com\/\",\"name\":\"MIKA DOG LOVER\",\"description\":\"Dog sitter mais avant tout Dog Lover !\",\"publisher\":{\"@id\":\"https:\/\/mikadoglover.com\/#organization\"},\"potentialAction\":[{\"@type\":\"SearchAction\",\"target\":{\"@type\":\"EntryPoint\",\"urlTemplate\":\"https:\/\/mikadoglover.com\/?s={search_term_string}\"},\"query-input\":{\"@type\":\"PropertyValueSpecification\",\"valueRequired\":true,\"valueName\":\"search_term_string\"}}],\"inLanguage\":\"fr-FR\"},{\"@type\":\"Organization\",\"@id\":\"https:\/\/mikadoglover.com\/#organization\",\"name\":\"MIKA DOG LOVER\",\"url\":\"https:\/\/mikadoglover.com\/\",\"logo\":{\"@type\":\"ImageObject\",\"inLanguage\":\"fr-FR\",\"@id\":\"https:\/\/mikadoglover.com\/#\/schema\/logo\/image\/\",\"url\":\"https:\/\/mikadoglover.com\/wp-content\/uploads\/2022\/02\/MIKA-DOG-LOVER-LOGO-e1643917684448.png\",\"contentUrl\":\"https:\/\/mikadoglover.com\/wp-content\/uploads\/2022\/02\/MIKA-DOG-LOVER-LOGO-e1643917684448.png\",\"width\":150,\"height\":140,\"caption\":\"MIKA DOG LOVER\"},\"image\":{\"@id\":\"https:\/\/mikadoglover.com\/#\/schema\/logo\/image\/\"},\"sameAs\":[\"https:\/\/www.facebook.com\/mikadoglover\",\"https:\/\/www.instagram.com\/mikadoglover\"]}]}<\/script>\n<!-- \/ Yoast SEO plugin. -->","yoast_head_json":{"title":"Garderie - MIKA DOG LOVER","robots":{"index":"index","follow":"follow","max-snippet":"max-snippet:-1","max-image-preview":"max-image-preview:large","max-video-preview":"max-video-preview:-1"},"canonical":"https:\/\/mikadoglover.com\/?page_id=591","og_locale":"fr_FR","og_type":"article","og_title":"Garderie - MIKA DOG LOVER","og_description":"Garderie Le service de garderie est fait pour la journ\u00e9e. Vous savez que votre journ\u00e9e sera trop charg\u00e9e et vous voulez que je m&rsquo;occupe de lui, ou tout simplement vous voulez lui offrir une super journ\u00e9e avec deux balades et une bande de copains. Votre chien sera accueilli chez moi et il y passera toute&hellip;","og_url":"https:\/\/mikadoglover.com\/?page_id=591","og_site_name":"MIKA DOG LOVER","article_publisher":"https:\/\/www.facebook.com\/mikadoglover","article_modified_time":"2023-03-10T19:21:44+00:00","og_image":[{"url":"https:\/\/mikadoglover.com\/wp-content\/uploads\/elementor\/thumbs\/garderie2-scaled-e1645552569540-pkwccwxnhfrskoi2534z5a8ll36zo227jpfmusty7k.jpeg","type":"","width":"","height":""}],"twitter_card":"summary_large_image","twitter_misc":{"Dur\u00e9e de lecture estim\u00e9e":"4 minutes"},"schema":{"@context":"https:\/\/schema.org","@graph":[{"@type":"WebPage","@id":"https:\/\/mikadoglover.com\/?page_id=591","url":"https:\/\/mikadoglover.com\/?page_id=591","name":"Garderie - MIKA DOG LOVER","isPartOf":{"@id":"https:\/\/mikadoglover.com\/#website"},"primaryImageOfPage":{"@id":"https:\/\/mikadoglover.com\/?page_id=591#primaryimage"},"image":{"@id":"https:\/\/mikadoglover.com\/?page_id=591#primaryimage"},"thumbnailUrl":"https:\/\/mikadoglover.com\/wp-content\/uploads\/elementor\/thumbs\/garderie2-scaled-e1645552569540-pkwccwxnhfrskoi2534z5a8ll36zo227jpfmusty7k.jpeg","datePublished":"2022-01-31T12:09:26+00:00","dateModified":"2023-03-10T19:21:44+00:00","breadcrumb":{"@id":"https:\/\/mikadoglover.com\/?page_id=591#breadcrumb"},"inLanguage":"fr-FR","potentialAction":[{"@type":"ReadAction","target":["https:\/\/mikadoglover.com\/?page_id=591"]}]},{"@type":"ImageObject","inLanguage":"fr-FR","@id":"https:\/\/mikadoglover.com\/?page_id=591#primaryimage","url":"https:\/\/mikadoglover.com\/wp-content\/uploads\/elementor\/thumbs\/garderie2-scaled-e1645552569540-pkwccwxnhfrskoi2534z5a8ll36zo227jpfmusty7k.jpeg","contentUrl":"https:\/\/mikadoglover.com\/wp-content\/uploads\/elementor\/thumbs\/garderie2-scaled-e1645552569540-pkwccwxnhfrskoi2534z5a8ll36zo227jpfmusty7k.jpeg"},{"@type":"BreadcrumbList","@id":"https:\/\/mikadoglover.com\/?page_id=591#breadcrumb","itemListElement":[{"@type":"ListItem","position":1,"name":"Accueil","item":"https:\/\/mikadoglover.com\/"},{"@type":"ListItem","position":2,"name":"Garderie"}]},{"@type":"WebSite","@id":"https:\/\/mikadoglover.com\/#website","url":"https:\/\/mikadoglover.com\/","name":"MIKA DOG LOVER","description":"Dog sitter mais avant tout Dog Lover !","publisher":{"@id":"https:\/\/mikadoglover.com\/#organization"},"potentialAction":[{"@type":"SearchAction","target":{"@type":"EntryPoint","urlTemplate":"https:\/\/mikadoglover.com\/?s={search_term_string}"},"query-input":{"@type":"PropertyValueSpecification","valueRequired":true,"valueName":"search_term_string"}}],"inLanguage":"fr-FR"},{"@type":"Organization","@id":"https:\/\/mikadoglover.com\/#organization","name":"MIKA DOG LOVER","url":"https:\/\/mikadoglover.com\/","logo":{"@type":"ImageObject","inLanguage":"fr-FR","@id":"https:\/\/mikadoglover.com\/#\/schema\/logo\/image\/","url":"https:\/\/mikadoglover.com\/wp-content\/uploads\/2022\/02\/MIKA-DOG-LOVER-LOGO-e1643917684448.png","contentUrl":"https:\/\/mikadoglover.com\/wp-content\/uploads\/2022\/02\/MIKA-DOG-LOVER-LOGO-e1643917684448.png","width":150,"height":140,"caption":"MIKA DOG LOVER"},"image":{"@id":"https:\/\/mikadoglover.com\/#\/schema\/logo\/image\/"},"sameAs":["https:\/\/www.facebook.com\/mikadoglover","https:\/\/www.instagram.com\/mikadoglover"]}]}},"_links":{"self":[{"href":"https:\/\/mikadoglover.com\/index.php?rest_route=\/wp\/v2\/pages\/591","targetHints":{"allow":["GET"]}}],"collection":[{"href":"https:\/\/mikadoglover.com\/index.php?rest_route=\/wp\/v2\/pages"}],"about":[{"href":"https:\/\/mikadoglover.com\/index.php?rest_route=\/wp\/v2\/types\/page"}],"author":[{"embeddable":true,"href":"https:\/\/mikadoglover.com\/index.php?rest_route=\/wp\/v2\/users\/1"}],"replies":[{"embeddable":true,"href":"https:\/\/mikadoglover.com\/index.php?rest_route=%2Fwp%2Fv2%2Fcomments&post=591"}],"version-history":[{"count":0,"href":"https:\/\/mikadoglover.com\/index.php?rest_route=\/wp\/v2\/pages\/591\/revisions"}],"wp:attachment":[{"href":"https:\/\/mikadoglover.com\/index.php?rest_route=%2Fwp%2Fv2%2Fmedia&parent=591"}],"curies":[{"name":"wp","href":"https:\/\/api.w.org\/{rel}","templated":true}]}}