{"id":1718,"date":"2023-01-07T10:38:11","date_gmt":"2023-01-07T09:38:11","guid":{"rendered":"https:\/\/mikadoglover.com\/?page_id=1718"},"modified":"2023-01-07T15:47:29","modified_gmt":"2023-01-07T14:47:29","slug":"confidentialite","status":"publish","type":"page","link":"https:\/\/mikadoglover.com\/?page_id=1718","title":{"rendered":"Confidentialit\u00e9"},"content":{"rendered":"\t\t<div data-elementor-type=\"wp-page\" data-elementor-id=\"1718\" class=\"elementor elementor-1718\">\n\t\t\t\t\t\t<section class=\"elementor-section elementor-top-section elementor-element elementor-element-2cf6f69 elementor-section-stretched animated-fast elementor-section-boxed elementor-section-height-default elementor-section-height-default elementor-invisible\" data-id=\"2cf6f69\" data-element_type=\"section\" data-settings=\"{&quot;stretch_section&quot;:&quot;section-stretched&quot;,&quot;animation&quot;:&quot;fadeIn&quot;,&quot;animation_delay&quot;:1}\">\n\t\t\t\t\t\t<div class=\"elementor-container elementor-column-gap-default\">\n\t\t\t\t\t<div class=\"elementor-column elementor-col-100 elementor-top-column elementor-element elementor-element-a95e088\" data-id=\"a95e088\" data-element_type=\"column\">\n\t\t\t<div class=\"elementor-widget-wrap elementor-element-populated\">\n\t\t\t\t\t\t<div class=\"elementor-element elementor-element-0bb58b0 elementor-invisible elementor-widget elementor-widget-text-editor\" data-id=\"0bb58b0\" data-element_type=\"widget\" data-settings=\"{&quot;_animation&quot;:&quot;fadeIn&quot;}\" data-widget_type=\"text-editor.default\">\n\t\t\t\t<div class=\"elementor-widget-container\">\n\t\t\t\t\t\t\t\t\t<p>Politique de confidentialite<\/p>\t\t\t\t\t\t\t\t<\/div>\n\t\t\t\t<\/div>\n\t\t\t\t\t<\/div>\n\t\t<\/div>\n\t\t\t\t\t<\/div>\n\t\t<\/section>\n\t\t\t\t<section class=\"elementor-section elementor-top-section elementor-element elementor-element-6032c25 elementor-section-stretched animated-fast elementor-section-boxed elementor-section-height-default elementor-section-height-default elementor-invisible\" data-id=\"6032c25\" data-element_type=\"section\" data-settings=\"{&quot;stretch_section&quot;:&quot;section-stretched&quot;,&quot;animation&quot;:&quot;fadeIn&quot;,&quot;animation_delay&quot;:1}\">\n\t\t\t\t\t\t<div class=\"elementor-container elementor-column-gap-default\">\n\t\t\t\t\t<div class=\"elementor-column elementor-col-100 elementor-top-column elementor-element elementor-element-04ecb25\" data-id=\"04ecb25\" data-element_type=\"column\">\n\t\t\t<div class=\"elementor-widget-wrap elementor-element-populated\">\n\t\t\t\t\t\t<div class=\"elementor-element elementor-element-d2d729a elementor-widget elementor-widget-text-editor\" data-id=\"d2d729a\" data-element_type=\"widget\" data-widget_type=\"text-editor.default\">\n\t\t\t\t<div class=\"elementor-widget-container\">\n\t\t\t\t\t\t\t\t\t<p><b>Donn\u00e9es personnelles<\/b><\/p><p>En France, les donn\u00e9es personnelles sont notamment prot\u00e9g\u00e9es par la loi n\u00b0 78-87 du 6 janvier 1978, la loi n\u00b0 2004-801 du 6 ao\u00fbt 2004, l\u2019article L. 226-13 du Code p\u00e9nal et la Directive Europ\u00e9enne du 24 octobre 1995.<\/p><p>A l\u2019occasion de l\u2019utilisation du site mikadoglover.com, peuvent \u00eatres recueillies : l\u2019URL des liens par l\u2019interm\u00e9diaire desquels l\u2019utilisateur a acc\u00e9d\u00e9 au site mikadoglover.com, le fournisseur d\u2019acc\u00e8s de l\u2019utilisateur, l\u2019adresse de protocole Internet (IP) de l\u2019utilisateur.<\/p><p>En tout \u00e9tat de cause, Micha\u00ebl Diot ne collecte des informations personnelles relatives \u00e0 l\u2019utilisateur que pour le besoin de certains services propos\u00e9s par le site mikadoglover.com. L\u2019utilisateur fournit ces informations en toute connaissance de cause, notamment lorsqu\u2019il proc\u00e8de par lui-m\u00eame \u00e0 leur saisie. Il est alors pr\u00e9cis\u00e9 \u00e0 l\u2019utilisateur du site mikadoglover.com l\u2019obligation ou non de fournir ces informations.<\/p><p>Conform\u00e9ment aux dispositions des articles 38 et suivants de la loi 78-17 du 6 janvier 1978 relative \u00e0 l\u2019informatique, aux fichiers et aux libert\u00e9s, tout utilisateur dispose d\u2019un droit d\u2019acc\u00e8s, de rectification et d\u2019opposition aux donn\u00e9es personnelles le concernant, en effectuant sa demande \u00e9crite et sign\u00e9e, accompagn\u00e9e d\u2019une copie du titre d\u2019identit\u00e9 avec signature du titulaire de la pi\u00e8ce, en pr\u00e9cisant l\u2019adresse \u00e0 laquelle la r\u00e9ponse doit \u00eatre envoy\u00e9e.<\/p><p>Aucune information personnelle de l\u2019utilisateur du site mikadoglover.com n\u2019est publi\u00e9e \u00e0 l\u2019insu de l\u2019utilisateur, \u00e9chang\u00e9e, transf\u00e9r\u00e9e, c\u00e9d\u00e9e ou vendue sur un support quelconque \u00e0 des tiers.<\/p><p>Les bases de donn\u00e9es sont prot\u00e9g\u00e9es par les dispositions de la loi du 1er juillet 1998 transposant la directive 96\/9 du 11 mars 1996 relative \u00e0 la protection juridique des bases de donn\u00e9es.<\/p><p><b>Liens hypertextes et cookies<\/b><\/p><p>Le site mikadoglover.com contient un certain nombre de liens hypertextes vers d\u2019autres sites, mis en place avec l\u2019autorisation de Micha\u00ebl Diot. Cependant, Micha\u00ebl Diot n\u2019a pas la possibilit\u00e9 de v\u00e9rifier le contenu des sites ainsi visit\u00e9s, et n\u2019assumera en cons\u00e9quence aucune responsabilit\u00e9 de ce fait.<\/p><p>La navigation sur le site mikadoglover.com est susceptible de provoquer l\u2019installation de cookie(s) sur l\u2019ordinateur de l\u2019utilisateur. <br \/>Un cookie est un fichier de petite taille, qui ne permet pas l\u2019identification de l\u2019utilisateur, mais qui enregistre des informations relatives \u00e0 la navigation d\u2019un ordinateur sur un site. Les donn\u00e9es ainsi obtenues visent \u00e0 faciliter la navigation ult\u00e9rieure sur le site, et ont \u00e9galement vocation \u00e0 permettre diverses mesures de fr\u00e9quentation.<\/p><p>Le refus d\u2019installation d\u2019un cookie peut entra\u00eener l\u2019impossibilit\u00e9 d\u2019acc\u00e9der \u00e0 certains services. <br \/>L\u2019utilisateur peut toutefois configurer son ordinateur de la mani\u00e8re suivante, pour refuser l\u2019installation des cookies :<br \/>\u2013 Sous Internet Explorer : onglet outil (pictogramme en forme de rouage en haut a droite) \/ options internet. Cliquez sur Confidentialit\u00e9 et choisissez Bloquer tous les cookies. Validez sur Ok.<br \/>\u2013 Sous Firefox : en haut de la fen\u00eatre du navigateur, cliquez sur le bouton Firefox, puis aller dans l\u2019onglet Options. Cliquer sur l\u2019onglet Vie priv\u00e9e.<br \/>Param\u00e9trez les R\u00e8gles de conservation sur : \u00a0utiliser les param\u00e8tres personnalis\u00e9s pour l\u2019historique. Enfin d\u00e9cochez-la pour \u00a0d\u00e9sactiver les cookies.<br \/>\u2013 Sous Safari : Cliquez en haut \u00e0 droite du navigateur sur le pictogramme de menu (symbolis\u00e9 par un rouage). S\u00e9lectionnez Param\u00e8tres. Cliquez sur Afficher les param\u00e8tres avanc\u00e9s. Dans la section \u00ab\u00a0Confidentialit\u00e9\u00a0\u00bb, cliquez sur Param\u00e8tres de contenu. Dans la section \u00ab\u00a0Cookies\u00a0\u00bb, vous pouvez bloquer les cookies.<br \/>\u2013 Sous Chrome : Cliquez en haut \u00e0 droite du navigateur sur le pictogramme de menu (symbolis\u00e9 par trois lignes horizontales). S\u00e9lectionnez Param\u00e8tres. Cliquez sur Afficher les param\u00e8tres avanc\u00e9s. Dans la section \u00ab\u00a0Confidentialit\u00e9\u00a0\u00bb, cliquez sur pr\u00e9f\u00e9rences. \u00a0Dans l\u2019onglet \u00ab\u00a0Confidentialit\u00e9\u00a0\u00bb, vous pouvez bloquer les cookies.<\/p>\t\t\t\t\t\t\t\t<\/div>\n\t\t\t\t<\/div>\n\t\t\t\t\t<\/div>\n\t\t<\/div>\n\t\t\t\t\t<\/div>\n\t\t<\/section>\n\t\t\t\t<\/div>\n\t\t","protected":false},"excerpt":{"rendered":"<p>Politique de confidentialite Donn\u00e9es personnelles En France, les donn\u00e9es personnelles sont notamment prot\u00e9g\u00e9es par la loi n\u00b0 78-87 du 6 janvier 1978, la loi n\u00b0 2004-801 du 6 ao\u00fbt 2004, l\u2019article L. 226-13 du Code p\u00e9nal et la Directive Europ\u00e9enne du 24 octobre 1995. A l\u2019occasion de l\u2019utilisation du site mikadoglover.com, peuvent \u00eatres recueillies :&hellip; <\/p>\n","protected":false},"author":1,"featured_media":0,"parent":0,"menu_order":0,"comment_status":"closed","ping_status":"closed","template":"","meta":{"footnotes":""},"class_list":["post-1718","page","type-page","status-publish","hentry"],"yoast_head":"<!-- This site is optimized with the Yoast SEO plugin v26.1.1 - https:\/\/yoast.com\/wordpress\/plugins\/seo\/ -->\n<title>Confidentialit\u00e9 - MIKA DOG LOVER<\/title>\n<meta name=\"robots\" content=\"index, follow, max-snippet:-1, max-image-preview:large, max-video-preview:-1\" \/>\n<link rel=\"canonical\" href=\"https:\/\/mikadoglover.com\/?page_id=1718\" \/>\n<meta property=\"og:locale\" content=\"fr_FR\" \/>\n<meta property=\"og:type\" content=\"article\" \/>\n<meta property=\"og:title\" content=\"Confidentialit\u00e9 - MIKA DOG LOVER\" \/>\n<meta property=\"og:description\" content=\"Politique de confidentialite Donn\u00e9es personnelles En France, les donn\u00e9es personnelles sont notamment prot\u00e9g\u00e9es par la loi n\u00b0 78-87 du 6 janvier 1978, la loi n\u00b0 2004-801 du 6 ao\u00fbt 2004, l\u2019article L. 226-13 du Code p\u00e9nal et la Directive Europ\u00e9enne du 24 octobre 1995. A l\u2019occasion de l\u2019utilisation du site mikadoglover.com, peuvent \u00eatres recueillies :&hellip;\" \/>\n<meta property=\"og:url\" content=\"https:\/\/mikadoglover.com\/?page_id=1718\" \/>\n<meta property=\"og:site_name\" content=\"MIKA DOG LOVER\" \/>\n<meta property=\"article:publisher\" content=\"https:\/\/www.facebook.com\/mikadoglover\" \/>\n<meta property=\"article:modified_time\" content=\"2023-01-07T14:47:29+00:00\" \/>\n<meta name=\"twitter:card\" content=\"summary_large_image\" \/>\n<meta name=\"twitter:label1\" content=\"Dur\u00e9e de lecture estim\u00e9e\" \/>\n\t<meta name=\"twitter:data1\" content=\"3 minutes\" \/>\n<script type=\"application\/ld+json\" class=\"yoast-schema-graph\">{\"@context\":\"https:\/\/schema.org\",\"@graph\":[{\"@type\":\"WebPage\",\"@id\":\"https:\/\/mikadoglover.com\/?page_id=1718\",\"url\":\"https:\/\/mikadoglover.com\/?page_id=1718\",\"name\":\"Confidentialit\u00e9 - MIKA DOG LOVER\",\"isPartOf\":{\"@id\":\"https:\/\/mikadoglover.com\/#website\"},\"datePublished\":\"2023-01-07T09:38:11+00:00\",\"dateModified\":\"2023-01-07T14:47:29+00:00\",\"breadcrumb\":{\"@id\":\"https:\/\/mikadoglover.com\/?page_id=1718#breadcrumb\"},\"inLanguage\":\"fr-FR\",\"potentialAction\":[{\"@type\":\"ReadAction\",\"target\":[\"https:\/\/mikadoglover.com\/?page_id=1718\"]}]},{\"@type\":\"BreadcrumbList\",\"@id\":\"https:\/\/mikadoglover.com\/?page_id=1718#breadcrumb\",\"itemListElement\":[{\"@type\":\"ListItem\",\"position\":1,\"name\":\"Accueil\",\"item\":\"https:\/\/mikadoglover.com\/\"},{\"@type\":\"ListItem\",\"position\":2,\"name\":\"Confidentialit\u00e9\"}]},{\"@type\":\"WebSite\",\"@id\":\"https:\/\/mikadoglover.com\/#website\",\"url\":\"https:\/\/mikadoglover.com\/\",\"name\":\"MIKA DOG LOVER\",\"description\":\"Dog sitter mais avant tout Dog Lover !\",\"publisher\":{\"@id\":\"https:\/\/mikadoglover.com\/#organization\"},\"potentialAction\":[{\"@type\":\"SearchAction\",\"target\":{\"@type\":\"EntryPoint\",\"urlTemplate\":\"https:\/\/mikadoglover.com\/?s={search_term_string}\"},\"query-input\":{\"@type\":\"PropertyValueSpecification\",\"valueRequired\":true,\"valueName\":\"search_term_string\"}}],\"inLanguage\":\"fr-FR\"},{\"@type\":\"Organization\",\"@id\":\"https:\/\/mikadoglover.com\/#organization\",\"name\":\"MIKA DOG LOVER\",\"url\":\"https:\/\/mikadoglover.com\/\",\"logo\":{\"@type\":\"ImageObject\",\"inLanguage\":\"fr-FR\",\"@id\":\"https:\/\/mikadoglover.com\/#\/schema\/logo\/image\/\",\"url\":\"https:\/\/mikadoglover.com\/wp-content\/uploads\/2022\/02\/MIKA-DOG-LOVER-LOGO-e1643917684448.png\",\"contentUrl\":\"https:\/\/mikadoglover.com\/wp-content\/uploads\/2022\/02\/MIKA-DOG-LOVER-LOGO-e1643917684448.png\",\"width\":150,\"height\":140,\"caption\":\"MIKA DOG LOVER\"},\"image\":{\"@id\":\"https:\/\/mikadoglover.com\/#\/schema\/logo\/image\/\"},\"sameAs\":[\"https:\/\/www.facebook.com\/mikadoglover\",\"https:\/\/www.instagram.com\/mikadoglover\"]}]}<\/script>\n<!-- \/ Yoast SEO plugin. -->","yoast_head_json":{"title":"Confidentialit\u00e9 - MIKA DOG LOVER","robots":{"index":"index","follow":"follow","max-snippet":"max-snippet:-1","max-image-preview":"max-image-preview:large","max-video-preview":"max-video-preview:-1"},"canonical":"https:\/\/mikadoglover.com\/?page_id=1718","og_locale":"fr_FR","og_type":"article","og_title":"Confidentialit\u00e9 - MIKA DOG LOVER","og_description":"Politique de confidentialite Donn\u00e9es personnelles En France, les donn\u00e9es personnelles sont notamment prot\u00e9g\u00e9es par la loi n\u00b0 78-87 du 6 janvier 1978, la loi n\u00b0 2004-801 du 6 ao\u00fbt 2004, l\u2019article L. 226-13 du Code p\u00e9nal et la Directive Europ\u00e9enne du 24 octobre 1995. A l\u2019occasion de l\u2019utilisation du site mikadoglover.com, peuvent \u00eatres recueillies :&hellip;","og_url":"https:\/\/mikadoglover.com\/?page_id=1718","og_site_name":"MIKA DOG LOVER","article_publisher":"https:\/\/www.facebook.com\/mikadoglover","article_modified_time":"2023-01-07T14:47:29+00:00","twitter_card":"summary_large_image","twitter_misc":{"Dur\u00e9e de lecture estim\u00e9e":"3 minutes"},"schema":{"@context":"https:\/\/schema.org","@graph":[{"@type":"WebPage","@id":"https:\/\/mikadoglover.com\/?page_id=1718","url":"https:\/\/mikadoglover.com\/?page_id=1718","name":"Confidentialit\u00e9 - MIKA DOG LOVER","isPartOf":{"@id":"https:\/\/mikadoglover.com\/#website"},"datePublished":"2023-01-07T09:38:11+00:00","dateModified":"2023-01-07T14:47:29+00:00","breadcrumb":{"@id":"https:\/\/mikadoglover.com\/?page_id=1718#breadcrumb"},"inLanguage":"fr-FR","potentialAction":[{"@type":"ReadAction","target":["https:\/\/mikadoglover.com\/?page_id=1718"]}]},{"@type":"BreadcrumbList","@id":"https:\/\/mikadoglover.com\/?page_id=1718#breadcrumb","itemListElement":[{"@type":"ListItem","position":1,"name":"Accueil","item":"https:\/\/mikadoglover.com\/"},{"@type":"ListItem","position":2,"name":"Confidentialit\u00e9"}]},{"@type":"WebSite","@id":"https:\/\/mikadoglover.com\/#website","url":"https:\/\/mikadoglover.com\/","name":"MIKA DOG LOVER","description":"Dog sitter mais avant tout Dog Lover !","publisher":{"@id":"https:\/\/mikadoglover.com\/#organization"},"potentialAction":[{"@type":"SearchAction","target":{"@type":"EntryPoint","urlTemplate":"https:\/\/mikadoglover.com\/?s={search_term_string}"},"query-input":{"@type":"PropertyValueSpecification","valueRequired":true,"valueName":"search_term_string"}}],"inLanguage":"fr-FR"},{"@type":"Organization","@id":"https:\/\/mikadoglover.com\/#organization","name":"MIKA DOG LOVER","url":"https:\/\/mikadoglover.com\/","logo":{"@type":"ImageObject","inLanguage":"fr-FR","@id":"https:\/\/mikadoglover.com\/#\/schema\/logo\/image\/","url":"https:\/\/mikadoglover.com\/wp-content\/uploads\/2022\/02\/MIKA-DOG-LOVER-LOGO-e1643917684448.png","contentUrl":"https:\/\/mikadoglover.com\/wp-content\/uploads\/2022\/02\/MIKA-DOG-LOVER-LOGO-e1643917684448.png","width":150,"height":140,"caption":"MIKA DOG LOVER"},"image":{"@id":"https:\/\/mikadoglover.com\/#\/schema\/logo\/image\/"},"sameAs":["https:\/\/www.facebook.com\/mikadoglover","https:\/\/www.instagram.com\/mikadoglover"]}]}},"_links":{"self":[{"href":"https:\/\/mikadoglover.com\/index.php?rest_route=\/wp\/v2\/pages\/1718","targetHints":{"allow":["GET"]}}],"collection":[{"href":"https:\/\/mikadoglover.com\/index.php?rest_route=\/wp\/v2\/pages"}],"about":[{"href":"https:\/\/mikadoglover.com\/index.php?rest_route=\/wp\/v2\/types\/page"}],"author":[{"embeddable":true,"href":"https:\/\/mikadoglover.com\/index.php?rest_route=\/wp\/v2\/users\/1"}],"replies":[{"embeddable":true,"href":"https:\/\/mikadoglover.com\/index.php?rest_route=%2Fwp%2Fv2%2Fcomments&post=1718"}],"version-history":[{"count":0,"href":"https:\/\/mikadoglover.com\/index.php?rest_route=\/wp\/v2\/pages\/1718\/revisions"}],"wp:attachment":[{"href":"https:\/\/mikadoglover.com\/index.php?rest_route=%2Fwp%2Fv2%2Fmedia&parent=1718"}],"curies":[{"name":"wp","href":"https:\/\/api.w.org\/{rel}","templated":true}]}}